{"id":2363,"date":"2024-09-11T14:08:58","date_gmt":"2024-09-11T14:08:58","guid":{"rendered":"https:\/\/nbr.ch\/?page_id=2363"},"modified":"2024-09-11T14:26:26","modified_gmt":"2024-09-11T14:26:26","slug":"faq","status":"publish","type":"page","link":"https:\/\/nbr.ch\/index.php\/faq\/","title":{"rendered":"FAQ"},"content":{"rendered":"<p><div class=\"fusion-fullwidth fullwidth-box fusion-builder-row-1 fusion-flex-container has-pattern-background has-mask-background nonhundred-percent-fullwidth non-hundred-percent-height-scrolling\" style=\"--awb-border-radius-top-left:0px;--awb-border-radius-top-right:0px;--awb-border-radius-bottom-right:0px;--awb-border-radius-bottom-left:0px;--awb-padding-bottom:40px;--awb-margin-top:6%;--awb-margin-bottom:10px;--awb-flex-wrap:wrap;\" ><div class=\"fusion-builder-row fusion-row fusion-flex-align-items-flex-start fusion-flex-justify-content-center fusion-flex-content-wrap\" style=\"max-width:1310.4px;margin-left: calc(-4% \/ 2 );margin-right: calc(-4% \/ 2 );\"><div class=\"fusion-layout-column fusion_builder_column fusion-builder-column-0 fusion_builder_column_2_3 2_3 fusion-flex-column fusion-animated\" style=\"--awb-bg-size:cover;--awb-width-large:66.666666666667%;--awb-margin-top-large:0px;--awb-spacing-right-large:2.88%;--awb-margin-bottom-large:0px;--awb-spacing-left-large:2.88%;--awb-width-medium:75%;--awb-order-medium:0;--awb-spacing-right-medium:2.56%;--awb-spacing-left-medium:2.56%;--awb-width-small:100%;--awb-order-small:0;--awb-spacing-right-small:1.92%;--awb-spacing-left-small:1.92%;\" data-animationType=\"fadeInDown\" data-animationDuration=\"1.3\" data-animationOffset=\"top-into-view\"><div class=\"fusion-column-wrapper fusion-column-has-shadow fusion-flex-justify-content-center fusion-content-layout-column\"><div class=\"fusion-text fusion-text-1 fusion-text-no-margin\" style=\"--awb-content-alignment:center;--awb-font-size:19px;--awb-text-color:var(--awb-color4);--awb-margin-bottom:15px;\"><p>Neue Baugenossenschaft R\u00fcti ZH<\/p>\n<\/div><div class=\"fusion-title title fusion-title-1 fusion-no-medium-visibility fusion-no-large-visibility fusion-sep-none fusion-title-center fusion-title-text fusion-title-size-one\" style=\"--awb-margin-bottom:30px;--awb-margin-top-small:10px;--awb-margin-right-small:0px;--awb-margin-bottom-small:30px;--awb-margin-left-small:0px;--awb-font-size:32px;\"><h1 class=\"fusion-title-heading title-heading-center\" style=\"margin:0;font-size:1em;\">FAQ<\/h1><\/div><div class=\"fusion-title title fusion-title-2 fusion-no-small-visibility fusion-sep-none fusion-title-center fusion-title-text fusion-title-size-one\" style=\"--awb-margin-bottom:30px;--awb-margin-top-small:10px;--awb-margin-right-small:0px;--awb-margin-bottom-small:10px;--awb-margin-left-small:0px;--awb-font-size:48px;\"><h1 class=\"fusion-title-heading title-heading-center\" style=\"margin:0;font-size:1em;\">H\u00e4ufig gestellte Fragen<\/h1><\/div><div class=\"fusion-text fusion-text-2\" style=\"--awb-content-alignment:center;--awb-font-size:20px;\"><p>die Ihnen weiterhelfen k\u00f6nnten&#8230;<\/p>\n<\/div><\/div><\/div><\/div><\/div><div class=\"fusion-fullwidth fullwidth-box fusion-builder-row-2 fusion-flex-container has-pattern-background has-mask-background fusion-parallax-none nonhundred-percent-fullwidth non-hundred-percent-height-scrolling lazyload fusion-animated\" style=\"--link_hover_color: var(--awb-color8);--link_color: var(--awb-color4);--awb-border-radius-top-left:0px;--awb-border-radius-top-right:0px;--awb-border-radius-bottom-right:0px;--awb-border-radius-bottom-left:0px;--awb-padding-top:100px;--awb-padding-bottom:100px;--awb-padding-top-small:70px;--awb-padding-bottom-small:70px;--awb-margin-bottom:60px;--awb-margin-bottom-medium:80px;--awb-background-color:var(--awb-color2);--awb-background-size:cover;--awb-flex-wrap:wrap;\" data-bg=\"https:\/\/avada.theme-fusion.com\/digital-agency\/wp-content\/uploads\/sites\/160\/2021\/04\/block-bg.jpg\" data-animationType=\"fadeIn\" data-animationDuration=\"0.3\" data-animationOffset=\"top-into-view\" ><div class=\"fusion-builder-row fusion-row fusion-flex-align-items-flex-start fusion-flex-justify-content-center fusion-flex-content-wrap\" style=\"max-width:calc( 1260px + 80px );margin-left: calc(-80px \/ 2 );margin-right: calc(-80px \/ 2 );\"><div class=\"fusion-layout-column fusion_builder_column fusion-builder-column-1 fusion_builder_column_4_5 4_5 fusion-flex-column\" style=\"--awb-bg-size:cover;--awb-width-large:80%;--awb-margin-top-large:0px;--awb-spacing-right-large:40px;--awb-margin-bottom-large:20px;--awb-spacing-left-large:40px;--awb-width-medium:80%;--awb-order-medium:0;--awb-spacing-right-medium:40px;--awb-spacing-left-medium:40px;--awb-width-small:100%;--awb-order-small:0;--awb-spacing-right-small:40px;--awb-spacing-left-small:40px;\" data-scroll-devices=\"small-visibility,medium-visibility,large-visibility\"><div class=\"fusion-column-wrapper fusion-column-has-shadow fusion-flex-justify-content-flex-start fusion-content-layout-column\"><style type=\"text\/css\">#accordian-1 .fusion-panel:hover,#accordian-1 .fusion-panel.hover{ background-color: var(--awb-color2) } #accordian-1 .fusion-panel { border-color:var(--awb-color3); border-width:1px; background-color:var(--awb-color1); }.fusion-accordian #accordian-1 .panel-title a .fa-fusion-box:before{ font-size: 20px;width: 20px;}.fusion-accordian #accordian-1 .panel-title a .fa-fusion-box{ color: var(--awb-color4);}.fusion-accordian  #accordian-1 .panel-title a{font-size:26px;text-transform:var(--awb-typography2-text-transform);line-height:var(--awb-typography2-line-height);letter-spacing:var(--awb-typography2-letter-spacing);font-family:\"Montserrat\";font-style:normal;font-weight:300;}.fusion-accordian  #accordian-1 .panel-title a:not(:hover){color:var(--awb-color4);}.fusion-accordian  #accordian-1 .toggle-content{font-family:var(--awb-typography4-font-family);font-weight:var(--awb-typography4-font-weight);font-style:var(--awb-typography4-font-style);}.fusion-accordian #accordian-1 .panel-title a:hover,.fusion-accordian #accordian-1 .panel-title a.hover { color: var(--awb-color4);}.fusion-faq-shortcode .fusion-accordian #accordian-1 .fusion-toggle-boxed-mode:hover .panel-title a { color: var(--awb-color4);}.fusion-accordian #accordian-1.fusion-toggle-icon-unboxed .panel-title a:hover .fa-fusion-box,.fusion-accordian #accordian-1.fusion-toggle-icon-unboxed .panel-title a.hover .fa-fusion-box { color: var(--awb-color4); }.fusion-faqs-wrapper .fusion-accordian #accordian-1 .panel-title a.active{ color: var(--awb-color7) !important;}.fusion-faqs-wrapper .fusion-accordian  #accordian-1.fusion-toggle-icon-unboxed .fusion-panel .panel-title a.active .fa-fusion-box{ color: var(--awb-color7) !important;}.fusion-faqs-wrapper .fusion-accordian  #accordian-1 .fusion-panel {padding-top: 10px;padding-bottom: 10px;}<\/style><div class=\"fusion-faq-shortcode\" style=\"margin-bottom:40px;\"><div class=\"fusion-faqs-wrapper\"><div class=\"accordian fusion-accordian\"><div class=\"panel-group  fusion-toggle-icon-unboxed\" id=\"accordian-1\"><div class=\"fusion-panel fusion-toggle-no-divider fusion-toggle-boxed-mode panel-default fusion-faq-post fusion-faq-post-2498 \"><span class=\"entry-title rich-snippet-hidden\">Was kostet eine Wohnung bei der NBR?<\/span><span class=\"vcard rich-snippet-hidden\"><span class=\"fn\"><a href=\"https:\/\/nbr.ch\/index.php\/author\/web-admin\/\" title=\"Beitr\u00e4ge von Irmela K\u00e4lin\" rel=\"author\">Irmela K\u00e4lin<\/a><\/span><\/span><span class=\"updated rich-snippet-hidden\">2025-01-17T07:28:27+00:00<\/span><div class=\"panel-heading\"><h4 id=\"faq_1-2498\" class=\"panel-title toggle\"><a data-toggle=\"collapse\" class=\"collapsed\" data-target=\"#collapse-1-2498\" href=\"#collapse-1-2498\" aria-expanded=\"false\"><div class=\"fusion-toggle-icon-wrapper\"><div class=\"fusion-toggle-icon-wrapper-main\"><div class=\"fusion-toggle-icon-wrapper-sub\"><i class=\"fa-fusion-box active-icon fa-arrow-left fas\" aria-hidden=\"true\"><\/i><i class=\"fa-fusion-box inactive-icon fa-arrow-down fas\" aria-hidden=\"true\"><\/i><\/div><\/div><\/div><div class=\"fusion-toggle-heading\">Was kostet eine Wohnung bei der NBR?<\/div><\/a><\/h4><\/div><div id=\"collapse-1-2498\" aria-labelledby=\"faq_1-2498\" class=\"panel-collapse collapse\"><div class=\"panel-body toggle-content post-content\"><p>Der Bruttomietzins in den bestehenden Quartieren bewegt sich derzeit zwischen ca. CHF 800.- f\u00fcr eine Zweizimmerwohnung und ca. CHF 1400.- f\u00fcr eine F\u00fcnfzimmerwohnung. Die Mietzinse f\u00fcr die Wohnungen im Neubau werden noch publiziert.<\/p>\n<\/div><\/div><\/div><div class=\"fusion-panel fusion-toggle-no-divider fusion-toggle-boxed-mode panel-default fusion-faq-post fusion-faq-post-2369 \"><span class=\"entry-title rich-snippet-hidden\">Wie sieht es aus mit Parkpl\u00e4tzen?<\/span><span class=\"vcard rich-snippet-hidden\"><span class=\"fn\"><a href=\"https:\/\/nbr.ch\/index.php\/author\/gruehtemann\/\" title=\"Beitr\u00e4ge von Gabriela Ruethemann\" rel=\"author\">Gabriela Ruethemann<\/a><\/span><\/span><span class=\"updated rich-snippet-hidden\">2025-01-16T16:03:54+00:00<\/span><div class=\"panel-heading\"><h4 id=\"faq_1-2369\" class=\"panel-title toggle\"><a data-toggle=\"collapse\" class=\"collapsed\" data-target=\"#collapse-1-2369\" href=\"#collapse-1-2369\" aria-expanded=\"false\"><div class=\"fusion-toggle-icon-wrapper\"><div class=\"fusion-toggle-icon-wrapper-main\"><div class=\"fusion-toggle-icon-wrapper-sub\"><i class=\"fa-fusion-box active-icon fa-arrow-left fas\" aria-hidden=\"true\"><\/i><i class=\"fa-fusion-box inactive-icon fa-arrow-down fas\" aria-hidden=\"true\"><\/i><\/div><\/div><\/div><div class=\"fusion-toggle-heading\">Wie sieht es aus mit Parkpl\u00e4tzen?<\/div><\/a><\/h4><\/div><div id=\"collapse-1-2369\" aria-labelledby=\"faq_1-2369\" class=\"panel-collapse collapse\"><div class=\"panel-body toggle-content post-content\"><p>Pro Wohnung kann in der Regel ein Parkplatz dazugemietet werden.<\/p>\n<\/div><\/div><\/div><div class=\"fusion-panel fusion-toggle-no-divider fusion-toggle-boxed-mode panel-default fusion-faq-post fusion-faq-post-2367 \"><span class=\"entry-title rich-snippet-hidden\">Gibt es eine Warteliste?<\/span><span class=\"vcard rich-snippet-hidden\"><span class=\"fn\"><a href=\"https:\/\/nbr.ch\/index.php\/author\/gruehtemann\/\" title=\"Beitr\u00e4ge von Gabriela Ruethemann\" rel=\"author\">Gabriela Ruethemann<\/a><\/span><\/span><span class=\"updated rich-snippet-hidden\">2024-09-11T14:07:38+00:00<\/span><div class=\"panel-heading\"><h4 id=\"faq_1-2367\" class=\"panel-title toggle\"><a data-toggle=\"collapse\" class=\"collapsed\" data-target=\"#collapse-1-2367\" href=\"#collapse-1-2367\" aria-expanded=\"false\"><div class=\"fusion-toggle-icon-wrapper\"><div class=\"fusion-toggle-icon-wrapper-main\"><div class=\"fusion-toggle-icon-wrapper-sub\"><i class=\"fa-fusion-box active-icon fa-arrow-left fas\" aria-hidden=\"true\"><\/i><i class=\"fa-fusion-box inactive-icon fa-arrow-down fas\" aria-hidden=\"true\"><\/i><\/div><\/div><\/div><div class=\"fusion-toggle-heading\">Gibt es eine Warteliste?<\/div><\/a><\/h4><\/div><div id=\"collapse-1-2367\" aria-labelledby=\"faq_1-2367\" class=\"panel-collapse collapse\"><div class=\"panel-body toggle-content post-content\"><p>Durch das Ausf\u00fcllen des Anmeldformulars ensteht kein Recht auf eine frei werdende Wohnung. Wir sammeln alle Bewerbungen und ber\u00fccksichtigen bei einer Wiedervermietung die Bewerbungen gem\u00e4ss Vermietungsreglement.<\/p>\n<\/div><\/div><\/div><div class=\"fusion-panel fusion-toggle-no-divider fusion-toggle-boxed-mode panel-default fusion-faq-post fusion-faq-post-2365 \"><span class=\"entry-title rich-snippet-hidden\">Muss ich Genossenschafter werden, um eine Wohnung mieten zu k\u00f6nnen?<\/span><span class=\"vcard rich-snippet-hidden\"><span class=\"fn\"><a href=\"https:\/\/nbr.ch\/index.php\/author\/gruehtemann\/\" title=\"Beitr\u00e4ge von Gabriela Ruethemann\" rel=\"author\">Gabriela Ruethemann<\/a><\/span><\/span><span class=\"updated rich-snippet-hidden\">2024-09-11T14:06:48+00:00<\/span><div class=\"panel-heading\"><h4 id=\"faq_1-2365\" class=\"panel-title toggle\"><a data-toggle=\"collapse\" class=\"collapsed\" data-target=\"#collapse-1-2365\" href=\"#collapse-1-2365\" aria-expanded=\"false\"><div class=\"fusion-toggle-icon-wrapper\"><div class=\"fusion-toggle-icon-wrapper-main\"><div class=\"fusion-toggle-icon-wrapper-sub\"><i class=\"fa-fusion-box active-icon fa-arrow-left fas\" aria-hidden=\"true\"><\/i><i class=\"fa-fusion-box inactive-icon fa-arrow-down fas\" aria-hidden=\"true\"><\/i><\/div><\/div><\/div><div class=\"fusion-toggle-heading\">Muss ich Genossenschafter werden, um eine Wohnung mieten zu k\u00f6nnen?<\/div><\/a><\/h4><\/div><div id=\"collapse-1-2365\" aria-labelledby=\"faq_1-2365\" class=\"panel-collapse collapse\"><div class=\"panel-body toggle-content post-content\"><p>Ja, um eine Wohnung bei der NBR zu mieten, m\u00fcssen Sie Genossenschafter werden und das Anteilscheinkapital in der H\u00f6he von CHF 2&#8217;500.00 einbezahlen. Eine Mietkaution ist dagegen nicht zu leisten.<\/p>\n<\/div><\/div><\/div><\/div><\/div><\/div><\/div><\/div><\/div><\/div><\/div><div class=\"fusion-fullwidth fullwidth-box fusion-builder-row-3 fusion-flex-container has-pattern-background has-mask-background hundred-percent-fullwidth non-hundred-percent-height-scrolling\" style=\"--awb-border-radius-top-left:0px;--awb-border-radius-top-right:0px;--awb-border-radius-bottom-right:0px;--awb-border-radius-bottom-left:0px;--awb-padding-right:0px;--awb-padding-left:8vw;--awb-padding-left-medium:25px;--awb-padding-left-small:0px;--awb-margin-bottom:75px;--awb-margin-bottom-medium:80px;--awb-flex-wrap:wrap;\" ><div class=\"fusion-builder-row fusion-row fusion-flex-align-items-center fusion-flex-justify-content-center fusion-flex-content-wrap\" style=\"width:104% !important;max-width:104% !important;margin-left: calc(-4% \/ 2 );margin-right: calc(-4% \/ 2 );\"><div class=\"fusion-layout-column fusion_builder_column fusion-builder-column-2 fusion-flex-column fusion-animated\" style=\"--awb-padding-right:3vw;--awb-padding-left:3vw;--awb-padding-right-small:40px;--awb-padding-left-small:40px;--awb-bg-size:cover;--awb-width-large:45%;--awb-margin-top-large:0px;--awb-spacing-right-large:4.2666666666667%;--awb-margin-bottom-large:0px;--awb-spacing-left-large:4.2666666666667%;--awb-width-medium:45%;--awb-order-medium:0;--awb-spacing-right-medium:4.2666666666667%;--awb-spacing-left-medium:4.2666666666667%;--awb-width-small:100%;--awb-order-small:0;--awb-spacing-right-small:1.92%;--awb-margin-bottom-small:30px;--awb-spacing-left-small:1.92%;\" data-animationType=\"fadeInUp\" data-animationDuration=\"0.6\" data-animationOffset=\"top-into-view\"><div class=\"fusion-column-wrapper fusion-column-has-shadow fusion-flex-justify-content-flex-start fusion-content-layout-column\"><i class=\"fb-icon-element-1 fb-icon-element fontawesome-icon fa-cloud-download-alt fas circle-yes\" style=\"--awb-iconcolor-hover:var(--awb-color4);--awb-circlecolor:hsla(var(--awb-color4-h),var(--awb-color4-s),var(--awb-color4-l),calc(var(--awb-color4-a) - 62%));--awb-circlecolor-hover:hsla(var(--awb-color4-h),var(--awb-color4-s),var(--awb-color4-l),calc( var(--awb-color4-a) - 93% ));--awb-circlebordersize:0px;--awb-font-size:48px;--awb-width:124px;--awb-height:124px;--awb-line-height:124px;--awb-align-self:center;--awb-margin-top:0px;--awb-margin-right:0px;--awb-margin-bottom:40px;--awb-margin-left:0px;\"><\/i><div class=\"fusion-text fusion-text-3 fusion-no-small-visibility fusion-no-medium-visibility\" style=\"--awb-font-size:var(--awb-typography4-font-size);--awb-line-height:var(--awb-typography4-line-height);--awb-letter-spacing:var(--awb-typography4-letter-spacing);--awb-text-transform:var(--awb-typography4-text-transform);--awb-text-color:var(--awb-color4);--awb-margin-top:12px;--awb-text-font-family:var(--awb-typography4-font-family);--awb-text-font-weight:var(--awb-typography4-font-weight);--awb-text-font-style:var(--awb-typography4-font-style);\"><p style=\"text-align: center;\">Zum Downloaden<\/p>\n<\/div><div class=\"fusion-title title fusion-title-3 fusion-sep-none fusion-title-center fusion-title-text fusion-title-size-two\" style=\"--awb-margin-bottom:40px;--awb-margin-top-small:10px;--awb-margin-right-small:0px;--awb-margin-bottom-small:10px;--awb-margin-left-small:0px;--awb-font-size:48px;\"><h2 class=\"fusion-title-heading title-heading-center\" style=\"margin:0;font-size:1em;\">Dokumente &amp; Formulare<\/h2><\/div><div class=\"fusion-text fusion-text-4\" style=\"--awb-content-alignment:center;--awb-font-size:20px;\"><p>F\u00fcr Sie zusammengestellt. Bewerbungsformular, Reglemente und andere Dokumente \u2013 rund um die Baugenossenschaft<\/p>\n<\/div><div style=\"text-align:center;\"><a class=\"fusion-button button-flat button-xlarge button-custom fusion-button-default button-1 fusion-button-default-span fusion-button-default-type fusion-has-button-gradient\" style=\"--button_accent_color:var(--awb-custom_color_2);--button_border_color:var(--awb-custom_color_2);--button_accent_hover_color:var(--awb-color4);--button_border_hover_color:var(--awb-color4);--button_border_width-top:1px;--button_border_width-right:1px;--button_border_width-bottom:1px;--button_border_width-left:1px;--button_gradient_top_color:rgba(255,240,235,0);--button_gradient_bottom_color:rgba(255,240,235,0);--button_gradient_top_color_hover:rgba(0,0,0,0);--button_gradient_bottom_color_hover:rgba(244,92,32,0);\" target=\"_self\" href=\"https:\/\/nbr.ch\/index.php\/dokumente\/\"><span class=\"fusion-button-text awb-button__text awb-button__text--default\">Dokumente &amp; Formulare<\/span><\/a><\/div><\/div><\/div><\/div><\/div>\n<\/p>\n","protected":false},"excerpt":{"rendered":"","protected":false},"author":2,"featured_media":2007,"parent":0,"menu_order":0,"comment_status":"closed","ping_status":"closed","template":"100-width.php","meta":{"footnotes":""},"class_list":["post-2363","page","type-page","status-publish","has-post-thumbnail","hentry"],"yoast_head":"<!-- This site is optimized with the Yoast SEO plugin v27.4 - https:\/\/yoast.com\/product\/yoast-seo-wordpress\/ -->\n<title>FAQ - NBR<\/title>\n<meta name=\"robots\" content=\"index, follow, max-snippet:-1, max-image-preview:large, max-video-preview:-1\" \/>\n<link rel=\"canonical\" href=\"https:\/\/nbr.ch\/index.php\/faq\/\" \/>\n<meta property=\"og:locale\" content=\"de_DE\" \/>\n<meta property=\"og:type\" content=\"article\" \/>\n<meta property=\"og:title\" content=\"FAQ - NBR\" \/>\n<meta property=\"og:url\" content=\"https:\/\/nbr.ch\/index.php\/faq\/\" \/>\n<meta property=\"og:site_name\" content=\"NBR\" \/>\n<meta property=\"article:modified_time\" content=\"2024-09-11T14:26:26+00:00\" \/>\n<meta property=\"og:image\" content=\"https:\/\/nbr.ch\/wp-content\/uploads\/2021\/07\/portfolio-header-quartier-weier-rueti.jpg\" \/>\n\t<meta property=\"og:image:width\" content=\"1590\" \/>\n\t<meta property=\"og:image:height\" content=\"348\" \/>\n\t<meta property=\"og:image:type\" content=\"image\/jpeg\" \/>\n<meta name=\"twitter:card\" content=\"summary_large_image\" \/>\n<meta name=\"twitter:label1\" content=\"Gesch\u00e4tzte Lesezeit\" \/>\n\t<meta name=\"twitter:data1\" content=\"2\u00a0Minuten\" \/>\n<script type=\"application\/ld+json\" class=\"yoast-schema-graph\">{\"@context\":\"https:\\\/\\\/schema.org\",\"@graph\":[{\"@type\":\"WebPage\",\"@id\":\"https:\\\/\\\/nbr.ch\\\/index.php\\\/faq\\\/\",\"url\":\"https:\\\/\\\/nbr.ch\\\/index.php\\\/faq\\\/\",\"name\":\"FAQ - NBR\",\"isPartOf\":{\"@id\":\"https:\\\/\\\/nbr.ch\\\/#website\"},\"primaryImageOfPage\":{\"@id\":\"https:\\\/\\\/nbr.ch\\\/index.php\\\/faq\\\/#primaryimage\"},\"image\":{\"@id\":\"https:\\\/\\\/nbr.ch\\\/index.php\\\/faq\\\/#primaryimage\"},\"thumbnailUrl\":\"https:\\\/\\\/nbr.ch\\\/wp-content\\\/uploads\\\/2021\\\/07\\\/portfolio-header-quartier-weier-rueti.jpg\",\"datePublished\":\"2024-09-11T14:08:58+00:00\",\"dateModified\":\"2024-09-11T14:26:26+00:00\",\"breadcrumb\":{\"@id\":\"https:\\\/\\\/nbr.ch\\\/index.php\\\/faq\\\/#breadcrumb\"},\"inLanguage\":\"de\",\"potentialAction\":[{\"@type\":\"ReadAction\",\"target\":[\"https:\\\/\\\/nbr.ch\\\/index.php\\\/faq\\\/\"]}]},{\"@type\":\"ImageObject\",\"inLanguage\":\"de\",\"@id\":\"https:\\\/\\\/nbr.ch\\\/index.php\\\/faq\\\/#primaryimage\",\"url\":\"https:\\\/\\\/nbr.ch\\\/wp-content\\\/uploads\\\/2021\\\/07\\\/portfolio-header-quartier-weier-rueti.jpg\",\"contentUrl\":\"https:\\\/\\\/nbr.ch\\\/wp-content\\\/uploads\\\/2021\\\/07\\\/portfolio-header-quartier-weier-rueti.jpg\",\"width\":1590,\"height\":348},{\"@type\":\"BreadcrumbList\",\"@id\":\"https:\\\/\\\/nbr.ch\\\/index.php\\\/faq\\\/#breadcrumb\",\"itemListElement\":[{\"@type\":\"ListItem\",\"position\":1,\"name\":\"Startseite\",\"item\":\"https:\\\/\\\/nbr.ch\\\/\"},{\"@type\":\"ListItem\",\"position\":2,\"name\":\"FAQ\"}]},{\"@type\":\"WebSite\",\"@id\":\"https:\\\/\\\/nbr.ch\\\/#website\",\"url\":\"https:\\\/\\\/nbr.ch\\\/\",\"name\":\"NBR\",\"description\":\"Neue Baugenossenschaft R\u00fcti\",\"potentialAction\":[{\"@type\":\"SearchAction\",\"target\":{\"@type\":\"EntryPoint\",\"urlTemplate\":\"https:\\\/\\\/nbr.ch\\\/?s={search_term_string}\"},\"query-input\":{\"@type\":\"PropertyValueSpecification\",\"valueRequired\":true,\"valueName\":\"search_term_string\"}}],\"inLanguage\":\"de\"}]}<\/script>\n<!-- \/ Yoast SEO plugin. -->","yoast_head_json":{"title":"FAQ - NBR","robots":{"index":"index","follow":"follow","max-snippet":"max-snippet:-1","max-image-preview":"max-image-preview:large","max-video-preview":"max-video-preview:-1"},"canonical":"https:\/\/nbr.ch\/index.php\/faq\/","og_locale":"de_DE","og_type":"article","og_title":"FAQ - NBR","og_url":"https:\/\/nbr.ch\/index.php\/faq\/","og_site_name":"NBR","article_modified_time":"2024-09-11T14:26:26+00:00","og_image":[{"width":1590,"height":348,"url":"https:\/\/nbr.ch\/wp-content\/uploads\/2021\/07\/portfolio-header-quartier-weier-rueti.jpg","type":"image\/jpeg"}],"twitter_card":"summary_large_image","twitter_misc":{"Gesch\u00e4tzte Lesezeit":"2\u00a0Minuten"},"schema":{"@context":"https:\/\/schema.org","@graph":[{"@type":"WebPage","@id":"https:\/\/nbr.ch\/index.php\/faq\/","url":"https:\/\/nbr.ch\/index.php\/faq\/","name":"FAQ - NBR","isPartOf":{"@id":"https:\/\/nbr.ch\/#website"},"primaryImageOfPage":{"@id":"https:\/\/nbr.ch\/index.php\/faq\/#primaryimage"},"image":{"@id":"https:\/\/nbr.ch\/index.php\/faq\/#primaryimage"},"thumbnailUrl":"https:\/\/nbr.ch\/wp-content\/uploads\/2021\/07\/portfolio-header-quartier-weier-rueti.jpg","datePublished":"2024-09-11T14:08:58+00:00","dateModified":"2024-09-11T14:26:26+00:00","breadcrumb":{"@id":"https:\/\/nbr.ch\/index.php\/faq\/#breadcrumb"},"inLanguage":"de","potentialAction":[{"@type":"ReadAction","target":["https:\/\/nbr.ch\/index.php\/faq\/"]}]},{"@type":"ImageObject","inLanguage":"de","@id":"https:\/\/nbr.ch\/index.php\/faq\/#primaryimage","url":"https:\/\/nbr.ch\/wp-content\/uploads\/2021\/07\/portfolio-header-quartier-weier-rueti.jpg","contentUrl":"https:\/\/nbr.ch\/wp-content\/uploads\/2021\/07\/portfolio-header-quartier-weier-rueti.jpg","width":1590,"height":348},{"@type":"BreadcrumbList","@id":"https:\/\/nbr.ch\/index.php\/faq\/#breadcrumb","itemListElement":[{"@type":"ListItem","position":1,"name":"Startseite","item":"https:\/\/nbr.ch\/"},{"@type":"ListItem","position":2,"name":"FAQ"}]},{"@type":"WebSite","@id":"https:\/\/nbr.ch\/#website","url":"https:\/\/nbr.ch\/","name":"NBR","description":"Neue Baugenossenschaft R\u00fcti","potentialAction":[{"@type":"SearchAction","target":{"@type":"EntryPoint","urlTemplate":"https:\/\/nbr.ch\/?s={search_term_string}"},"query-input":{"@type":"PropertyValueSpecification","valueRequired":true,"valueName":"search_term_string"}}],"inLanguage":"de"}]}},"_links":{"self":[{"href":"https:\/\/nbr.ch\/index.php\/wp-json\/wp\/v2\/pages\/2363","targetHints":{"allow":["GET"]}}],"collection":[{"href":"https:\/\/nbr.ch\/index.php\/wp-json\/wp\/v2\/pages"}],"about":[{"href":"https:\/\/nbr.ch\/index.php\/wp-json\/wp\/v2\/types\/page"}],"author":[{"embeddable":true,"href":"https:\/\/nbr.ch\/index.php\/wp-json\/wp\/v2\/users\/2"}],"replies":[{"embeddable":true,"href":"https:\/\/nbr.ch\/index.php\/wp-json\/wp\/v2\/comments?post=2363"}],"version-history":[{"count":9,"href":"https:\/\/nbr.ch\/index.php\/wp-json\/wp\/v2\/pages\/2363\/revisions"}],"predecessor-version":[{"id":2381,"href":"https:\/\/nbr.ch\/index.php\/wp-json\/wp\/v2\/pages\/2363\/revisions\/2381"}],"wp:featuredmedia":[{"embeddable":true,"href":"https:\/\/nbr.ch\/index.php\/wp-json\/wp\/v2\/media\/2007"}],"wp:attachment":[{"href":"https:\/\/nbr.ch\/index.php\/wp-json\/wp\/v2\/media?parent=2363"}],"curies":[{"name":"wp","href":"https:\/\/api.w.org\/{rel}","templated":true}]}}